{"id":40,"date":"2020-06-19T17:16:20","date_gmt":"2020-06-19T17:16:20","guid":{"rendered":"https:\/\/preparadoresoposicionesdelengua.com\/?page_id=40"},"modified":"2022-09-04T14:17:17","modified_gmt":"2022-09-04T12:17:17","slug":"inicio-preparadores-de-oposiciones-de-lengua-y-literatura-littera","status":"publish","type":"page","link":"https:\/\/preparadoresoposicionesdelengua.com\/","title":{"rendered":"INICIO"},"content":{"rendered":"\n<p class=\"has-text-align-center\">\u00abEl \u00e9xito no consiste en no caer nunca, sino m\u00e1s bien en levantarse las veces que sea necesario\u00bb. <\/p>\n\n\n\n<p><\/p>\n\n\n\n<p><strong>NOS HEMOS CAMBIADO A LA SIGUIENTE WEB<\/strong>: <a href=\"http:\/\/opolengualitteram.com\"><strong>opolengualitteram.com<\/strong><\/a><\/p>\n\n\n\n<div class='embed-container'><iframe class=\"wp-embedded-content\" sandbox=\"allow-scripts\" security=\"restricted\" title=\"OPOS 2023 LENGUA Y LITERATURA\" frameborder='0' width='1200' height='675' src='https:\/\/view.genial.ly\/62b0af296bf2090013a08c11#?secret=mAAvRjjK7i' data-secret='mAAvRjjK7i' scrolling='yes'><\/iframe><\/div>\n","protected":false},"excerpt":{"rendered":"<p>\u00abEl \u00e9xito no consiste en no caer nunca, sino m\u00e1s bien en levantarse las veces que sea necesario\u00bb. NOS HEMOS CAMBIADO A LA SIGUIENTE WEB: opolengualitteram.com<\/p>\n","protected":false},"author":1,"featured_media":0,"parent":0,"menu_order":0,"comment_status":"open","ping_status":"closed","template":"","meta":{"footnotes":""},"class_list":["post-40","page","type-page","status-publish","hentry"],"yoast_head":"<!-- This site is optimized with the Yoast SEO plugin v24.9 - https:\/\/yoast.com\/wordpress\/plugins\/seo\/ -->\n<title>INICIO - LITTERAM PREPARACI\u00d3N OPOSICI\u00d3N LENGUA Y LITERATURA<\/title>\n<meta name=\"description\" content=\"Preparadores de oposiciones de Lengua y Literatura. Te ofrecemos una atenci\u00f3n personalizada de modo presencial en Murcia y de modo virtual para cualquier autonom\u00eda.\" \/>\n<meta name=\"robots\" content=\"index, follow, max-snippet:-1, max-image-preview:large, max-video-preview:-1\" \/>\n<link rel=\"canonical\" href=\"https:\/\/preparadoresoposicionesdelengua.com\/\" \/>\n<meta property=\"og:locale\" content=\"es_ES\" \/>\n<meta property=\"og:type\" content=\"article\" \/>\n<meta property=\"og:title\" content=\"INICIO - LITTERAM PREPARACI\u00d3N OPOSICI\u00d3N LENGUA Y LITERATURA\" \/>\n<meta property=\"og:description\" content=\"Preparadores de oposiciones de Lengua y Literatura. Te ofrecemos una atenci\u00f3n personalizada de modo presencial en Murcia y de modo virtual para cualquier autonom\u00eda.\" \/>\n<meta property=\"og:url\" content=\"https:\/\/preparadoresoposicionesdelengua.com\/\" \/>\n<meta property=\"og:site_name\" content=\"LITTERAM PREPARACI\u00d3N OPOSICI\u00d3N LENGUA Y LITERATURA\" \/>\n<meta property=\"article:modified_time\" content=\"2022-09-04T12:17:17+00:00\" \/>\n<meta name=\"twitter:card\" content=\"summary_large_image\" \/>\n<meta name=\"twitter:label1\" content=\"Tiempo de lectura\" \/>\n\t<meta name=\"twitter:data1\" content=\"1 minuto\" \/>\n<script type=\"application\/ld+json\" class=\"yoast-schema-graph\">{\"@context\":\"https:\/\/schema.org\",\"@graph\":[{\"@type\":\"WebPage\",\"@id\":\"https:\/\/preparadoresoposicionesdelengua.com\/\",\"url\":\"https:\/\/preparadoresoposicionesdelengua.com\/\",\"name\":\"INICIO - LITTERAM PREPARACI\u00d3N OPOSICI\u00d3N LENGUA Y LITERATURA\",\"isPartOf\":{\"@id\":\"https:\/\/preparadoresoposicionesdelengua.com\/#website\"},\"datePublished\":\"2020-06-19T17:16:20+00:00\",\"dateModified\":\"2022-09-04T12:17:17+00:00\",\"description\":\"Preparadores de oposiciones de Lengua y Literatura. Te ofrecemos una atenci\u00f3n personalizada de modo presencial en Murcia y de modo virtual para cualquier autonom\u00eda.\",\"breadcrumb\":{\"@id\":\"https:\/\/preparadoresoposicionesdelengua.com\/#breadcrumb\"},\"inLanguage\":\"es\",\"potentialAction\":[{\"@type\":\"ReadAction\",\"target\":[\"https:\/\/preparadoresoposicionesdelengua.com\/\"]}]},{\"@type\":\"BreadcrumbList\",\"@id\":\"https:\/\/preparadoresoposicionesdelengua.com\/#breadcrumb\",\"itemListElement\":[{\"@type\":\"ListItem\",\"position\":1,\"name\":\"Home\",\"item\":\"https:\/\/preparadoresoposicionesdelengua.com\/\"},{\"@type\":\"ListItem\",\"position\":2,\"name\":\"INICIO\"}]},{\"@type\":\"WebSite\",\"@id\":\"https:\/\/preparadoresoposicionesdelengua.com\/#website\",\"url\":\"https:\/\/preparadoresoposicionesdelengua.com\/\",\"name\":\"LITTERAM PREPARACI\u00d3N OPOSICI\u00d3N LENGUA Y LITERATURA\",\"description\":\"Oposiciones Lengua y Literatura. Prep\u00e1rate con Litteram\",\"potentialAction\":[{\"@type\":\"SearchAction\",\"target\":{\"@type\":\"EntryPoint\",\"urlTemplate\":\"https:\/\/preparadoresoposicionesdelengua.com\/?s={search_term_string}\"},\"query-input\":{\"@type\":\"PropertyValueSpecification\",\"valueRequired\":true,\"valueName\":\"search_term_string\"}}],\"inLanguage\":\"es\"}]}<\/script>\n<!-- \/ Yoast SEO plugin. -->","yoast_head_json":{"title":"INICIO - LITTERAM PREPARACI\u00d3N OPOSICI\u00d3N LENGUA Y LITERATURA","description":"Preparadores de oposiciones de Lengua y Literatura. Te ofrecemos una atenci\u00f3n personalizada de modo presencial en Murcia y de modo virtual para cualquier autonom\u00eda.","robots":{"index":"index","follow":"follow","max-snippet":"max-snippet:-1","max-image-preview":"max-image-preview:large","max-video-preview":"max-video-preview:-1"},"canonical":"https:\/\/preparadoresoposicionesdelengua.com\/","og_locale":"es_ES","og_type":"article","og_title":"INICIO - LITTERAM PREPARACI\u00d3N OPOSICI\u00d3N LENGUA Y LITERATURA","og_description":"Preparadores de oposiciones de Lengua y Literatura. Te ofrecemos una atenci\u00f3n personalizada de modo presencial en Murcia y de modo virtual para cualquier autonom\u00eda.","og_url":"https:\/\/preparadoresoposicionesdelengua.com\/","og_site_name":"LITTERAM PREPARACI\u00d3N OPOSICI\u00d3N LENGUA Y LITERATURA","article_modified_time":"2022-09-04T12:17:17+00:00","twitter_card":"summary_large_image","twitter_misc":{"Tiempo de lectura":"1 minuto"},"schema":{"@context":"https:\/\/schema.org","@graph":[{"@type":"WebPage","@id":"https:\/\/preparadoresoposicionesdelengua.com\/","url":"https:\/\/preparadoresoposicionesdelengua.com\/","name":"INICIO - LITTERAM PREPARACI\u00d3N OPOSICI\u00d3N LENGUA Y LITERATURA","isPartOf":{"@id":"https:\/\/preparadoresoposicionesdelengua.com\/#website"},"datePublished":"2020-06-19T17:16:20+00:00","dateModified":"2022-09-04T12:17:17+00:00","description":"Preparadores de oposiciones de Lengua y Literatura. Te ofrecemos una atenci\u00f3n personalizada de modo presencial en Murcia y de modo virtual para cualquier autonom\u00eda.","breadcrumb":{"@id":"https:\/\/preparadoresoposicionesdelengua.com\/#breadcrumb"},"inLanguage":"es","potentialAction":[{"@type":"ReadAction","target":["https:\/\/preparadoresoposicionesdelengua.com\/"]}]},{"@type":"BreadcrumbList","@id":"https:\/\/preparadoresoposicionesdelengua.com\/#breadcrumb","itemListElement":[{"@type":"ListItem","position":1,"name":"Home","item":"https:\/\/preparadoresoposicionesdelengua.com\/"},{"@type":"ListItem","position":2,"name":"INICIO"}]},{"@type":"WebSite","@id":"https:\/\/preparadoresoposicionesdelengua.com\/#website","url":"https:\/\/preparadoresoposicionesdelengua.com\/","name":"LITTERAM PREPARACI\u00d3N OPOSICI\u00d3N LENGUA Y LITERATURA","description":"Oposiciones Lengua y Literatura. Prep\u00e1rate con Litteram","potentialAction":[{"@type":"SearchAction","target":{"@type":"EntryPoint","urlTemplate":"https:\/\/preparadoresoposicionesdelengua.com\/?s={search_term_string}"},"query-input":{"@type":"PropertyValueSpecification","valueRequired":true,"valueName":"search_term_string"}}],"inLanguage":"es"}]}},"_links":{"self":[{"href":"https:\/\/preparadoresoposicionesdelengua.com\/index.php?rest_route=\/wp\/v2\/pages\/40","targetHints":{"allow":["GET"]}}],"collection":[{"href":"https:\/\/preparadoresoposicionesdelengua.com\/index.php?rest_route=\/wp\/v2\/pages"}],"about":[{"href":"https:\/\/preparadoresoposicionesdelengua.com\/index.php?rest_route=\/wp\/v2\/types\/page"}],"author":[{"embeddable":true,"href":"https:\/\/preparadoresoposicionesdelengua.com\/index.php?rest_route=\/wp\/v2\/users\/1"}],"replies":[{"embeddable":true,"href":"https:\/\/preparadoresoposicionesdelengua.com\/index.php?rest_route=%2Fwp%2Fv2%2Fcomments&post=40"}],"version-history":[{"count":74,"href":"https:\/\/preparadoresoposicionesdelengua.com\/index.php?rest_route=\/wp\/v2\/pages\/40\/revisions"}],"predecessor-version":[{"id":668,"href":"https:\/\/preparadoresoposicionesdelengua.com\/index.php?rest_route=\/wp\/v2\/pages\/40\/revisions\/668"}],"wp:attachment":[{"href":"https:\/\/preparadoresoposicionesdelengua.com\/index.php?rest_route=%2Fwp%2Fv2%2Fmedia&parent=40"}],"curies":[{"name":"wp","href":"https:\/\/api.w.org\/{rel}","templated":true}]}}